{"id":6389,"date":"2022-12-27T18:58:14","date_gmt":"2022-12-27T21:58:14","guid":{"rendered":"https:\/\/criid.com.br\/?post_type=product&#038;p=6389"},"modified":"2022-12-27T18:58:15","modified_gmt":"2022-12-27T21:58:15","slug":"blank-capa-sympla","status":"publish","type":"product","link":"https:\/\/criid.com.br\/en\/product\/blank-capa-sympla\/","title":{"rendered":"Blank Capa Sympla"},"content":{"rendered":"","protected":false},"excerpt":{"rendered":"<p>Arte edit\u00e1vel, em alta resolu\u00e7\u00e3o, para divulga\u00e7\u00e3o do seu projeto ou evento no Sympla (www.sympla.com.br).<\/p>","protected":false},"featured_media":6392,"template":"","meta":[],"product_cat":[36,37],"product_tag":[156,264,272,454,226,209,455,61,57,456,218,103,96,157,453,457,62,452,58,265],"class_list":["post-6389","product","type-product","status-publish","has-post-thumbnail","hentry","product_cat-eventos","product_cat-sympla","product_tag-black","product_tag-branco","product_tag-clean","product_tag-clothings","product_tag-estilo","product_tag-futurista","product_tag-gamer","product_tag-innovation","product_tag-inovacao","product_tag-minimalista","product_tag-moda","product_tag-modern","product_tag-moderno","product_tag-preto","product_tag-roupa","product_tag-simples","product_tag-technology","product_tag-techwear","product_tag-tecnologia","product_tag-white"],"_links":{"self":[{"href":"https:\/\/criid.com.br\/en\/wp-json\/wp\/v2\/product\/6389","targetHints":{"allow":["GET"]}}],"collection":[{"href":"https:\/\/criid.com.br\/en\/wp-json\/wp\/v2\/product"}],"about":[{"href":"https:\/\/criid.com.br\/en\/wp-json\/wp\/v2\/types\/product"}],"wp:featuredmedia":[{"embeddable":true,"href":"https:\/\/criid.com.br\/en\/wp-json\/wp\/v2\/media\/6392"}],"wp:attachment":[{"href":"https:\/\/criid.com.br\/en\/wp-json\/wp\/v2\/media?parent=6389"}],"wp:term":[{"taxonomy":"product_cat","embeddable":true,"href":"https:\/\/criid.com.br\/en\/wp-json\/wp\/v2\/product_cat?post=6389"},{"taxonomy":"product_tag","embeddable":true,"href":"https:\/\/criid.com.br\/en\/wp-json\/wp\/v2\/product_tag?post=6389"}],"curies":[{"name":"wp","href":"https:\/\/api.w.org\/{rel}","templated":true}]}}