{"id":6404,"date":"2022-12-28T19:29:27","date_gmt":"2022-12-28T22:29:27","guid":{"rendered":"https:\/\/criid.com.br\/?post_type=product&#038;p=6404"},"modified":"2022-12-28T19:29:28","modified_gmt":"2022-12-28T22:29:28","slug":"blank-capa-facebook-eventos","status":"publish","type":"product","link":"https:\/\/criid.com.br\/en\/product\/blank-capa-facebook-eventos\/","title":{"rendered":"Blank Capa Facebook Eventos"},"content":{"rendered":"","protected":false},"excerpt":{"rendered":"<p>Cria\u00e7\u00e3o digital, edit\u00e1vel e em alta resolu\u00e7\u00e3o para capa de Eventos do Facebook.<\/p>","protected":false},"featured_media":6407,"template":"","meta":[],"product_cat":[32,27],"product_tag":[454,226,209,455,61,57,456,218,103,96,242,453,457,62,452,58,250],"class_list":["post-6404","product","type-product","status-publish","has-post-thumbnail","hentry","product_cat-capas","product_cat-digital","product_tag-clothings","product_tag-estilo","product_tag-futurista","product_tag-gamer","product_tag-innovation","product_tag-inovacao","product_tag-minimalista","product_tag-moda","product_tag-modern","product_tag-moderno","product_tag-mulher","product_tag-roupa","product_tag-simples","product_tag-technology","product_tag-techwear","product_tag-tecnologia","product_tag-woman"],"_links":{"self":[{"href":"https:\/\/criid.com.br\/en\/wp-json\/wp\/v2\/product\/6404","targetHints":{"allow":["GET"]}}],"collection":[{"href":"https:\/\/criid.com.br\/en\/wp-json\/wp\/v2\/product"}],"about":[{"href":"https:\/\/criid.com.br\/en\/wp-json\/wp\/v2\/types\/product"}],"wp:featuredmedia":[{"embeddable":true,"href":"https:\/\/criid.com.br\/en\/wp-json\/wp\/v2\/media\/6407"}],"wp:attachment":[{"href":"https:\/\/criid.com.br\/en\/wp-json\/wp\/v2\/media?parent=6404"}],"wp:term":[{"taxonomy":"product_cat","embeddable":true,"href":"https:\/\/criid.com.br\/en\/wp-json\/wp\/v2\/product_cat?post=6404"},{"taxonomy":"product_tag","embeddable":true,"href":"https:\/\/criid.com.br\/en\/wp-json\/wp\/v2\/product_tag?post=6404"}],"curies":[{"name":"wp","href":"https:\/\/api.w.org\/{rel}","templated":true}]}}