{"id":6419,"date":"2022-12-28T19:45:30","date_gmt":"2022-12-28T22:45:30","guid":{"rendered":"https:\/\/criid.com.br\/?post_type=product&#038;p=6419"},"modified":"2022-12-28T19:45:31","modified_gmt":"2022-12-28T22:45:31","slug":"blank-capa-twitter","status":"publish","type":"product","link":"https:\/\/criid.com.br\/en\/product\/blank-capa-twitter\/","title":{"rendered":"Blank Capa Twitter"},"content":{"rendered":"","protected":false},"excerpt":{"rendered":"<p>Pe\u00e7a digital, edit\u00e1vel, em alta resolu\u00e7\u00e3o de capa para Twitter.<\/p>","protected":false},"featured_media":6422,"template":"","meta":[],"product_cat":[32,27],"product_tag":[264,464,463,272,454,226,209,455,61,57,466,456,218,103,96,465,453,457,62,452,58,265],"class_list":["post-6419","product","type-product","status-publish","has-post-thumbnail","hentry","product_cat-capas","product_cat-digital","product_tag-branco","product_tag-cellphone","product_tag-celular","product_tag-clean","product_tag-clothings","product_tag-estilo","product_tag-futurista","product_tag-gamer","product_tag-innovation","product_tag-inovacao","product_tag-laptop","product_tag-minimalista","product_tag-moda","product_tag-modern","product_tag-moderno","product_tag-notebook","product_tag-roupa","product_tag-simples","product_tag-technology","product_tag-techwear","product_tag-tecnologia","product_tag-white"],"_links":{"self":[{"href":"https:\/\/criid.com.br\/en\/wp-json\/wp\/v2\/product\/6419","targetHints":{"allow":["GET"]}}],"collection":[{"href":"https:\/\/criid.com.br\/en\/wp-json\/wp\/v2\/product"}],"about":[{"href":"https:\/\/criid.com.br\/en\/wp-json\/wp\/v2\/types\/product"}],"wp:featuredmedia":[{"embeddable":true,"href":"https:\/\/criid.com.br\/en\/wp-json\/wp\/v2\/media\/6422"}],"wp:attachment":[{"href":"https:\/\/criid.com.br\/en\/wp-json\/wp\/v2\/media?parent=6419"}],"wp:term":[{"taxonomy":"product_cat","embeddable":true,"href":"https:\/\/criid.com.br\/en\/wp-json\/wp\/v2\/product_cat?post=6419"},{"taxonomy":"product_tag","embeddable":true,"href":"https:\/\/criid.com.br\/en\/wp-json\/wp\/v2\/product_tag?post=6419"}],"curies":[{"name":"wp","href":"https:\/\/api.w.org\/{rel}","templated":true}]}}