{"id":6424,"date":"2022-12-28T19:54:34","date_gmt":"2022-12-28T22:54:34","guid":{"rendered":"https:\/\/criid.com.br\/?post_type=product&#038;p=6424"},"modified":"2022-12-28T19:54:35","modified_gmt":"2022-12-28T22:54:35","slug":"blank-capa-youtube","status":"publish","type":"product","link":"https:\/\/criid.com.br\/en\/product\/blank-capa-youtube\/","title":{"rendered":"Blank Capa Youtube"},"content":{"rendered":"","protected":false},"excerpt":{"rendered":"<p>Troque o thumbnail dos seus v\u00eddeos no Youtube com esta cria\u00e7\u00e3o edit\u00e1vel.<\/p>","protected":false},"featured_media":6427,"template":"","meta":[],"product_cat":[32,27],"product_tag":[121,454,226,209,455,120,459,61,57,460,456,218,103,96,453,467,457,62,452,58],"class_list":["post-6424","product","type-product","status-publish","has-post-thumbnail","hentry","product_cat-capas","product_cat-digital","product_tag-cinza","product_tag-clothings","product_tag-estilo","product_tag-futurista","product_tag-gamer","product_tag-grey","product_tag-homem","product_tag-innovation","product_tag-inovacao","product_tag-men","product_tag-minimalista","product_tag-moda","product_tag-modern","product_tag-moderno","product_tag-roupa","product_tag-silhueta","product_tag-simples","product_tag-technology","product_tag-techwear","product_tag-tecnologia"],"_links":{"self":[{"href":"https:\/\/criid.com.br\/en\/wp-json\/wp\/v2\/product\/6424","targetHints":{"allow":["GET"]}}],"collection":[{"href":"https:\/\/criid.com.br\/en\/wp-json\/wp\/v2\/product"}],"about":[{"href":"https:\/\/criid.com.br\/en\/wp-json\/wp\/v2\/types\/product"}],"wp:featuredmedia":[{"embeddable":true,"href":"https:\/\/criid.com.br\/en\/wp-json\/wp\/v2\/media\/6427"}],"wp:attachment":[{"href":"https:\/\/criid.com.br\/en\/wp-json\/wp\/v2\/media?parent=6424"}],"wp:term":[{"taxonomy":"product_cat","embeddable":true,"href":"https:\/\/criid.com.br\/en\/wp-json\/wp\/v2\/product_cat?post=6424"},{"taxonomy":"product_tag","embeddable":true,"href":"https:\/\/criid.com.br\/en\/wp-json\/wp\/v2\/product_tag?post=6424"}],"curies":[{"name":"wp","href":"https:\/\/api.w.org\/{rel}","templated":true}]}}