{"id":6429,"date":"2022-12-28T20:09:18","date_gmt":"2022-12-28T23:09:18","guid":{"rendered":"https:\/\/criid.com.br\/?post_type=product&#038;p=6429"},"modified":"2022-12-28T20:09:19","modified_gmt":"2022-12-28T23:09:19","slug":"blank-post-a","status":"publish","type":"product","link":"https:\/\/criid.com.br\/en\/product\/blank-post-a\/","title":{"rendered":"Blank Post A"},"content":{"rendered":"","protected":false},"excerpt":{"rendered":"<p>Pe\u00e7a digital, edit\u00e1vel, em alta resolu\u00e7\u00e3o, para post das redes sociais: Facebook, Twitter e Linkedin.<\/p>","protected":false},"featured_media":6432,"template":"","meta":[],"product_cat":[27,31],"product_tag":[264,272,454,226,209,455,462,61,57,460,456,218,103,96,453,457,62,452,58,265,461],"class_list":["post-6429","product","type-product","status-publish","has-post-thumbnail","hentry","product_cat-digital","product_cat-posts","product_tag-branco","product_tag-clean","product_tag-clothings","product_tag-estilo","product_tag-futurista","product_tag-gamer","product_tag-girl","product_tag-innovation","product_tag-inovacao","product_tag-men","product_tag-minimalista","product_tag-moda","product_tag-modern","product_tag-moderno","product_tag-roupa","product_tag-simples","product_tag-technology","product_tag-techwear","product_tag-tecnologia","product_tag-white","product_tag-women"],"_links":{"self":[{"href":"https:\/\/criid.com.br\/en\/wp-json\/wp\/v2\/product\/6429","targetHints":{"allow":["GET"]}}],"collection":[{"href":"https:\/\/criid.com.br\/en\/wp-json\/wp\/v2\/product"}],"about":[{"href":"https:\/\/criid.com.br\/en\/wp-json\/wp\/v2\/types\/product"}],"wp:featuredmedia":[{"embeddable":true,"href":"https:\/\/criid.com.br\/en\/wp-json\/wp\/v2\/media\/6432"}],"wp:attachment":[{"href":"https:\/\/criid.com.br\/en\/wp-json\/wp\/v2\/media?parent=6429"}],"wp:term":[{"taxonomy":"product_cat","embeddable":true,"href":"https:\/\/criid.com.br\/en\/wp-json\/wp\/v2\/product_cat?post=6429"},{"taxonomy":"product_tag","embeddable":true,"href":"https:\/\/criid.com.br\/en\/wp-json\/wp\/v2\/product_tag?post=6429"}],"curies":[{"name":"wp","href":"https:\/\/api.w.org\/{rel}","templated":true}]}}