{"id":6524,"date":"2023-01-06T20:47:12","date_gmt":"2023-01-06T23:47:12","guid":{"rendered":"https:\/\/criid.com.br\/?post_type=product&#038;p=6524"},"modified":"2023-01-06T20:58:58","modified_gmt":"2023-01-06T23:58:58","slug":"coral-certificado","status":"publish","type":"product","link":"https:\/\/criid.com.br\/en\/product\/coral-certificado\/","title":{"rendered":"Coral Certificado"},"content":{"rendered":"","protected":false},"excerpt":{"rendered":"<p>Pe\u00e7a edit\u00e1vel de certificado digital, que voc\u00ea pode enviar para todos os participantes do seu evento.<\/p>","protected":false},"featured_media":6527,"template":"","meta":[],"product_cat":[38,36],"product_tag":[264,476,477,390,389,473,61,57,469,198,472,103,132,96,190,224,468,265],"class_list":["post-6524","product","type-product","status-publish","has-post-thumbnail","hentry","product_cat-certificados","product_cat-eventos","product_tag-branco","product_tag-certificado","product_tag-certificated","product_tag-decor","product_tag-design","product_tag-despojado","product_tag-innovation","product_tag-inovacao","product_tag-inteior","product_tag-light","product_tag-limpo","product_tag-modern","product_tag-modernidade","product_tag-moderno","product_tag-neon","product_tag-street","product_tag-teen","product_tag-white"],"_links":{"self":[{"href":"https:\/\/criid.com.br\/en\/wp-json\/wp\/v2\/product\/6524","targetHints":{"allow":["GET"]}}],"collection":[{"href":"https:\/\/criid.com.br\/en\/wp-json\/wp\/v2\/product"}],"about":[{"href":"https:\/\/criid.com.br\/en\/wp-json\/wp\/v2\/types\/product"}],"wp:featuredmedia":[{"embeddable":true,"href":"https:\/\/criid.com.br\/en\/wp-json\/wp\/v2\/media\/6527"}],"wp:attachment":[{"href":"https:\/\/criid.com.br\/en\/wp-json\/wp\/v2\/media?parent=6524"}],"wp:term":[{"taxonomy":"product_cat","embeddable":true,"href":"https:\/\/criid.com.br\/en\/wp-json\/wp\/v2\/product_cat?post=6524"},{"taxonomy":"product_tag","embeddable":true,"href":"https:\/\/criid.com.br\/en\/wp-json\/wp\/v2\/product_tag?post=6524"}],"curies":[{"name":"wp","href":"https:\/\/api.w.org\/{rel}","templated":true}]}}