{"id":6531,"date":"2023-01-06T21:15:59","date_gmt":"2023-01-07T00:15:59","guid":{"rendered":"https:\/\/criid.com.br\/?post_type=product&#038;p=6531"},"modified":"2023-01-06T21:16:00","modified_gmt":"2023-01-07T00:16:00","slug":"coral-capa-sympla","status":"publish","type":"product","link":"https:\/\/criid.com.br\/en\/product\/coral-capa-sympla\/","title":{"rendered":"Coral Capa Sympla"},"content":{"rendered":"","protected":false},"excerpt":{"rendered":"<p>Arte edit\u00e1vel, em alta resolu\u00e7\u00e3o, para divulga\u00e7\u00e3o do seu projeto ou evento no Sympla (www.sympla.com.br).<\/p>","protected":false},"featured_media":6534,"template":"","meta":[],"product_cat":[36,37],"product_tag":[264,396,272,390,389,473,227,401,61,57,469,471,198,472,103,132,96,190,224,468,265],"class_list":["post-6531","product","type-product","status-publish","has-post-thumbnail","hentry","product_cat-eventos","product_cat-sympla","product_tag-branco","product_tag-casa","product_tag-clean","product_tag-decor","product_tag-design","product_tag-despojado","product_tag-evento","product_tag-house","product_tag-innovation","product_tag-inovacao","product_tag-inteior","product_tag-leveza","product_tag-light","product_tag-limpo","product_tag-modern","product_tag-modernidade","product_tag-moderno","product_tag-neon","product_tag-street","product_tag-teen","product_tag-white"],"_links":{"self":[{"href":"https:\/\/criid.com.br\/en\/wp-json\/wp\/v2\/product\/6531","targetHints":{"allow":["GET"]}}],"collection":[{"href":"https:\/\/criid.com.br\/en\/wp-json\/wp\/v2\/product"}],"about":[{"href":"https:\/\/criid.com.br\/en\/wp-json\/wp\/v2\/types\/product"}],"wp:featuredmedia":[{"embeddable":true,"href":"https:\/\/criid.com.br\/en\/wp-json\/wp\/v2\/media\/6534"}],"wp:attachment":[{"href":"https:\/\/criid.com.br\/en\/wp-json\/wp\/v2\/media?parent=6531"}],"wp:term":[{"taxonomy":"product_cat","embeddable":true,"href":"https:\/\/criid.com.br\/en\/wp-json\/wp\/v2\/product_cat?post=6531"},{"taxonomy":"product_tag","embeddable":true,"href":"https:\/\/criid.com.br\/en\/wp-json\/wp\/v2\/product_tag?post=6531"}],"curies":[{"name":"wp","href":"https:\/\/api.w.org\/{rel}","templated":true}]}}