{"id":6561,"date":"2023-01-07T12:17:28","date_gmt":"2023-01-07T15:17:28","guid":{"rendered":"https:\/\/criid.com.br\/?post_type=product&#038;p=6561"},"modified":"2023-01-07T12:17:29","modified_gmt":"2023-01-07T15:17:29","slug":"coral-capa-youtube","status":"publish","type":"product","link":"https:\/\/criid.com.br\/en\/product\/coral-capa-youtube\/","title":{"rendered":"Coral Capa Youtube"},"content":{"rendered":"","protected":false},"excerpt":{"rendered":"<p>Troque o thumbnail dos seus v\u00eddeos no Youtube com esta cria\u00e7\u00e3o edit\u00e1vel.<\/p>","protected":false},"featured_media":6564,"template":"","meta":[],"product_cat":[32,27],"product_tag":[156,396,145,390,389,473,401,61,57,469,471,198,481,479,103,132,96,478,190,157,225,224,468,482,311],"class_list":["post-6561","product","type-product","status-publish","has-post-thumbnail","hentry","product_cat-capas","product_cat-digital","product_tag-black","product_tag-casa","product_tag-chumbo","product_tag-decor","product_tag-design","product_tag-despojado","product_tag-house","product_tag-innovation","product_tag-inovacao","product_tag-inteior","product_tag-leveza","product_tag-light","product_tag-luminaria","product_tag-mobile","product_tag-modern","product_tag-modernidade","product_tag-moderno","product_tag-moveis","product_tag-neon","product_tag-preto","product_tag-rua","product_tag-street","product_tag-teen","product_tag-texturas","product_tag-texture"],"_links":{"self":[{"href":"https:\/\/criid.com.br\/en\/wp-json\/wp\/v2\/product\/6561","targetHints":{"allow":["GET"]}}],"collection":[{"href":"https:\/\/criid.com.br\/en\/wp-json\/wp\/v2\/product"}],"about":[{"href":"https:\/\/criid.com.br\/en\/wp-json\/wp\/v2\/types\/product"}],"wp:featuredmedia":[{"embeddable":true,"href":"https:\/\/criid.com.br\/en\/wp-json\/wp\/v2\/media\/6564"}],"wp:attachment":[{"href":"https:\/\/criid.com.br\/en\/wp-json\/wp\/v2\/media?parent=6561"}],"wp:term":[{"taxonomy":"product_cat","embeddable":true,"href":"https:\/\/criid.com.br\/en\/wp-json\/wp\/v2\/product_cat?post=6561"},{"taxonomy":"product_tag","embeddable":true,"href":"https:\/\/criid.com.br\/en\/wp-json\/wp\/v2\/product_tag?post=6561"}],"curies":[{"name":"wp","href":"https:\/\/api.w.org\/{rel}","templated":true}]}}