{"id":6571,"date":"2023-01-07T12:35:31","date_gmt":"2023-01-07T15:35:31","guid":{"rendered":"https:\/\/criid.com.br\/?post_type=product&#038;p=6571"},"modified":"2023-01-07T12:35:33","modified_gmt":"2023-01-07T15:35:33","slug":"coral-post-carrossel","status":"publish","type":"product","link":"https:\/\/criid.com.br\/en\/product\/coral-post-carrossel\/","title":{"rendered":"Coral Post Carrossel"},"content":{"rendered":"","protected":false},"excerpt":{"rendered":"<p>Carrossel de pe\u00e7as digitais em alta resolu\u00e7\u00e3o para as redes sociais: Facebook e Instagram.<\/p>","protected":false},"featured_media":6574,"template":"","meta":[],"product_cat":[27,31],"product_tag":[257,259,264,404,342,396,470,272,390,389,473,401,61,57,469,471,198,472,481,479,103,132,96,478,190,224,468,475,265],"class_list":["post-6571","product","type-product","status-publish","has-post-thumbnail","hentry","product_cat-digital","product_cat-posts","product_tag-azul","product_tag-blue","product_tag-branco","product_tag-cadeira","product_tag-carrossel","product_tag-casa","product_tag-chair","product_tag-clean","product_tag-decor","product_tag-design","product_tag-despojado","product_tag-house","product_tag-innovation","product_tag-inovacao","product_tag-inteior","product_tag-leveza","product_tag-light","product_tag-limpo","product_tag-luminaria","product_tag-mobile","product_tag-modern","product_tag-modernidade","product_tag-moderno","product_tag-moveis","product_tag-neon","product_tag-street","product_tag-teen","product_tag-vaso","product_tag-white"],"_links":{"self":[{"href":"https:\/\/criid.com.br\/en\/wp-json\/wp\/v2\/product\/6571","targetHints":{"allow":["GET"]}}],"collection":[{"href":"https:\/\/criid.com.br\/en\/wp-json\/wp\/v2\/product"}],"about":[{"href":"https:\/\/criid.com.br\/en\/wp-json\/wp\/v2\/types\/product"}],"wp:featuredmedia":[{"embeddable":true,"href":"https:\/\/criid.com.br\/en\/wp-json\/wp\/v2\/media\/6574"}],"wp:attachment":[{"href":"https:\/\/criid.com.br\/en\/wp-json\/wp\/v2\/media?parent=6571"}],"wp:term":[{"taxonomy":"product_cat","embeddable":true,"href":"https:\/\/criid.com.br\/en\/wp-json\/wp\/v2\/product_cat?post=6571"},{"taxonomy":"product_tag","embeddable":true,"href":"https:\/\/criid.com.br\/en\/wp-json\/wp\/v2\/product_tag?post=6571"}],"curies":[{"name":"wp","href":"https:\/\/api.w.org\/{rel}","templated":true}]}}