{"id":6603,"date":"2023-01-07T13:21:14","date_gmt":"2023-01-07T16:21:14","guid":{"rendered":"https:\/\/criid.com.br\/?post_type=product&#038;p=6603"},"modified":"2023-01-07T13:21:15","modified_gmt":"2023-01-07T16:21:15","slug":"coral-post-link","status":"publish","type":"product","link":"https:\/\/criid.com.br\/en\/product\/coral-post-link\/","title":{"rendered":"Coral Post Link"},"content":{"rendered":"","protected":false},"excerpt":{"rendered":"<div class=\"elementor-element elementor-element-5265d80 elementor-widget elementor-widget-woocommerce-product-short-description\" data-id=\"5265d80\" data-element_type=\"widget\" data-widget_type=\"woocommerce-product-short-description.default\">\n<div class=\"elementor-widget-container\">\n<div class=\"woocommerce-product-details__short-description\">\n<div class=\"elementor-element elementor-element-5265d80 elementor-widget elementor-widget-woocommerce-product-short-description\" data-id=\"5265d80\" data-element_type=\"widget\" data-widget_type=\"woocommerce-product-short-description.default\">\n<div class=\"elementor-widget-container\">\n<div class=\"woocommerce-product-details__short-description\">\n<div class=\"elementor-element elementor-element-5265d80 elementor-widget elementor-widget-woocommerce-product-short-description\" data-id=\"5265d80\" data-element_type=\"widget\" data-widget_type=\"woocommerce-product-short-description.default\">\n<div class=\"elementor-widget-container\">\n<div class=\"woocommerce-product-details__short-description\">\n<div class=\"elementor-element elementor-element-5265d80 elementor-widget elementor-widget-woocommerce-product-short-description\" data-id=\"5265d80\" data-element_type=\"widget\" data-widget_type=\"woocommerce-product-short-description.default\">\n<div class=\"elementor-widget-container\">\n<div class=\"woocommerce-product-details__short-description\">\n<div class=\"elementor-element elementor-element-5265d80 elementor-widget elementor-widget-woocommerce-product-short-description\" data-id=\"5265d80\" data-element_type=\"widget\" data-widget_type=\"woocommerce-product-short-description.default\">\n<div class=\"elementor-widget-container\">\n<div class=\"woocommerce-product-details__short-description\">\n<p>Pe\u00e7a digital, edit\u00e1vel, em alta resolu\u00e7\u00e3o para post das redes sociais: Facebook e Linkedin.<\/p>\n<p>Tamanho 1200 x 628 pixels.<\/p>\n<\/div>\n<\/div>\n<\/div>\n<\/div>\n<\/div>\n<\/div>\n<\/div>\n<\/div>\n<\/div>\n<\/div>\n<\/div>\n<\/div>\n<\/div>\n<\/div>\n<\/div>","protected":false},"featured_media":6606,"template":"","meta":[],"product_cat":[27,31],"product_tag":[396,272,390,389,473,401,61,57,469,471,198,472,479,103,132,96,478,190,224,468],"class_list":["post-6603","product","type-product","status-publish","has-post-thumbnail","hentry","product_cat-digital","product_cat-posts","product_tag-casa","product_tag-clean","product_tag-decor","product_tag-design","product_tag-despojado","product_tag-house","product_tag-innovation","product_tag-inovacao","product_tag-inteior","product_tag-leveza","product_tag-light","product_tag-limpo","product_tag-mobile","product_tag-modern","product_tag-modernidade","product_tag-moderno","product_tag-moveis","product_tag-neon","product_tag-street","product_tag-teen"],"_links":{"self":[{"href":"https:\/\/criid.com.br\/en\/wp-json\/wp\/v2\/product\/6603","targetHints":{"allow":["GET"]}}],"collection":[{"href":"https:\/\/criid.com.br\/en\/wp-json\/wp\/v2\/product"}],"about":[{"href":"https:\/\/criid.com.br\/en\/wp-json\/wp\/v2\/types\/product"}],"wp:featuredmedia":[{"embeddable":true,"href":"https:\/\/criid.com.br\/en\/wp-json\/wp\/v2\/media\/6606"}],"wp:attachment":[{"href":"https:\/\/criid.com.br\/en\/wp-json\/wp\/v2\/media?parent=6603"}],"wp:term":[{"taxonomy":"product_cat","embeddable":true,"href":"https:\/\/criid.com.br\/en\/wp-json\/wp\/v2\/product_cat?post=6603"},{"taxonomy":"product_tag","embeddable":true,"href":"https:\/\/criid.com.br\/en\/wp-json\/wp\/v2\/product_tag?post=6603"}],"curies":[{"name":"wp","href":"https:\/\/api.w.org\/{rel}","templated":true}]}}