{"id":6643,"date":"2023-01-14T18:51:18","date_gmt":"2023-01-14T21:51:18","guid":{"rendered":"https:\/\/criid.com.br\/?post_type=product&#038;p=6643"},"modified":"2023-03-18T12:35:44","modified_gmt":"2023-03-18T15:35:44","slug":"saturno-apresentacao-desktop","status":"publish","type":"product","link":"https:\/\/criid.com.br\/en\/product\/saturno-apresentacao-desktop\/","title":{"rendered":"Saturno Apresenta\u00e7\u00e3o Desktop"},"content":{"rendered":"","protected":false},"excerpt":{"rendered":"<p>Saturno \u00e9 uma identidade visual tecnol\u00f3gica, inspirada nas startups e no universo, trazendo um tom retr\u00f4 dos anos 50. Seu maior elemento de suporte \u00e9 o planeta Saturno, nesta Id voc\u00ea ir\u00e1 encontrar composi\u00e7\u00f5es com os an\u00e9is de saturno e elementos que transcendem o tempo e o espa\u00e7o, como se fosse uma viagem dos anos 50 direto para o per\u00edodo das Startups.<\/p>","protected":false},"featured_media":6646,"template":"","meta":[],"product_cat":[30],"product_tag":[346,257,259,486,357,484,57,96,348,485,67,483,487,101,58],"class_list":["post-6643","product","type-product","status-publish","has-post-thumbnail","hentry","product_cat-apresentacoes","product_tag-astronauta","product_tag-azul","product_tag-blue","product_tag-espaco","product_tag-galaxia","product_tag-galaxie","product_tag-inovacao","product_tag-moderno","product_tag-planet","product_tag-planetas","product_tag-retro","product_tag-saturno","product_tag-space","product_tag-startup","product_tag-tecnologia"],"_links":{"self":[{"href":"https:\/\/criid.com.br\/en\/wp-json\/wp\/v2\/product\/6643","targetHints":{"allow":["GET"]}}],"collection":[{"href":"https:\/\/criid.com.br\/en\/wp-json\/wp\/v2\/product"}],"about":[{"href":"https:\/\/criid.com.br\/en\/wp-json\/wp\/v2\/types\/product"}],"wp:featuredmedia":[{"embeddable":true,"href":"https:\/\/criid.com.br\/en\/wp-json\/wp\/v2\/media\/6646"}],"wp:attachment":[{"href":"https:\/\/criid.com.br\/en\/wp-json\/wp\/v2\/media?parent=6643"}],"wp:term":[{"taxonomy":"product_cat","embeddable":true,"href":"https:\/\/criid.com.br\/en\/wp-json\/wp\/v2\/product_cat?post=6643"},{"taxonomy":"product_tag","embeddable":true,"href":"https:\/\/criid.com.br\/en\/wp-json\/wp\/v2\/product_tag?post=6643"}],"curies":[{"name":"wp","href":"https:\/\/api.w.org\/{rel}","templated":true}]}}