{"id":6713,"date":"2023-01-18T23:03:40","date_gmt":"2023-01-19T02:03:40","guid":{"rendered":"https:\/\/criid.com.br\/?post_type=product&#038;p=6713"},"modified":"2023-01-18T23:03:41","modified_gmt":"2023-01-19T02:03:41","slug":"saturno-post-a","status":"publish","type":"product","link":"https:\/\/criid.com.br\/en\/product\/saturno-post-a\/","title":{"rendered":"Saturno Post A"},"content":{"rendered":"","protected":false},"excerpt":{"rendered":"<p>Pe\u00e7a digital, edit\u00e1vel, em alta resolu\u00e7\u00e3o, para post das redes sociais: Facebook, Twitter e Linkedin.<\/p>","protected":false},"featured_media":6716,"template":"","meta":[],"product_cat":[27,31],"product_tag":[346,257,259,486,357,484,57,96,348,485,67,483,487,101,62,58],"class_list":["post-6713","product","type-product","status-publish","has-post-thumbnail","hentry","product_cat-digital","product_cat-posts","product_tag-astronauta","product_tag-azul","product_tag-blue","product_tag-espaco","product_tag-galaxia","product_tag-galaxie","product_tag-inovacao","product_tag-moderno","product_tag-planet","product_tag-planetas","product_tag-retro","product_tag-saturno","product_tag-space","product_tag-startup","product_tag-technology","product_tag-tecnologia"],"_links":{"self":[{"href":"https:\/\/criid.com.br\/en\/wp-json\/wp\/v2\/product\/6713","targetHints":{"allow":["GET"]}}],"collection":[{"href":"https:\/\/criid.com.br\/en\/wp-json\/wp\/v2\/product"}],"about":[{"href":"https:\/\/criid.com.br\/en\/wp-json\/wp\/v2\/types\/product"}],"wp:featuredmedia":[{"embeddable":true,"href":"https:\/\/criid.com.br\/en\/wp-json\/wp\/v2\/media\/6716"}],"wp:attachment":[{"href":"https:\/\/criid.com.br\/en\/wp-json\/wp\/v2\/media?parent=6713"}],"wp:term":[{"taxonomy":"product_cat","embeddable":true,"href":"https:\/\/criid.com.br\/en\/wp-json\/wp\/v2\/product_cat?post=6713"},{"taxonomy":"product_tag","embeddable":true,"href":"https:\/\/criid.com.br\/en\/wp-json\/wp\/v2\/product_tag?post=6713"}],"curies":[{"name":"wp","href":"https:\/\/api.w.org\/{rel}","templated":true}]}}