{"id":6718,"date":"2023-01-18T23:10:00","date_gmt":"2023-01-19T02:10:00","guid":{"rendered":"https:\/\/criid.com.br\/?post_type=product&#038;p=6718"},"modified":"2023-01-18T23:11:33","modified_gmt":"2023-01-19T02:11:33","slug":"saturno-post-carrossel","status":"publish","type":"product","link":"https:\/\/criid.com.br\/en\/product\/saturno-post-carrossel\/","title":{"rendered":"Saturno Post Carrossel"},"content":{"rendered":"","protected":false},"excerpt":{"rendered":"<p>Carrossel de pe\u00e7as digitais em alta resolu\u00e7\u00e3o para as redes sociais: Facebook e Instagram.<\/p>","protected":false},"featured_media":6721,"template":"","meta":[],"product_cat":[27,31],"product_tag":[346,257,259,486,357,484,57,96,348,485,67,483,487,101,62,58],"class_list":["post-6718","product","type-product","status-publish","has-post-thumbnail","hentry","product_cat-digital","product_cat-posts","product_tag-astronauta","product_tag-azul","product_tag-blue","product_tag-espaco","product_tag-galaxia","product_tag-galaxie","product_tag-inovacao","product_tag-moderno","product_tag-planet","product_tag-planetas","product_tag-retro","product_tag-saturno","product_tag-space","product_tag-startup","product_tag-technology","product_tag-tecnologia"],"_links":{"self":[{"href":"https:\/\/criid.com.br\/en\/wp-json\/wp\/v2\/product\/6718","targetHints":{"allow":["GET"]}}],"collection":[{"href":"https:\/\/criid.com.br\/en\/wp-json\/wp\/v2\/product"}],"about":[{"href":"https:\/\/criid.com.br\/en\/wp-json\/wp\/v2\/types\/product"}],"wp:featuredmedia":[{"embeddable":true,"href":"https:\/\/criid.com.br\/en\/wp-json\/wp\/v2\/media\/6721"}],"wp:attachment":[{"href":"https:\/\/criid.com.br\/en\/wp-json\/wp\/v2\/media?parent=6718"}],"wp:term":[{"taxonomy":"product_cat","embeddable":true,"href":"https:\/\/criid.com.br\/en\/wp-json\/wp\/v2\/product_cat?post=6718"},{"taxonomy":"product_tag","embeddable":true,"href":"https:\/\/criid.com.br\/en\/wp-json\/wp\/v2\/product_tag?post=6718"}],"curies":[{"name":"wp","href":"https:\/\/api.w.org\/{rel}","templated":true}]}}