{"id":7115,"date":"2023-03-12T18:56:38","date_gmt":"2023-03-12T21:56:38","guid":{"rendered":"https:\/\/criid.com.br\/?post_type=product&#038;p=7115"},"modified":"2023-03-12T18:56:39","modified_gmt":"2023-03-12T21:56:39","slug":"hat-trick-capa-sympla","status":"publish","type":"product","link":"https:\/\/criid.com.br\/en\/product\/hat-trick-capa-sympla\/","title":{"rendered":"Hat trick Capa Sympla"},"content":{"rendered":"","protected":false},"excerpt":{"rendered":"<p>Arte edit\u00e1vel, em alta resolu\u00e7\u00e3o, para divulga\u00e7\u00e3o do seu projeto ou evento no Sympla (www.sympla.com.br).<\/p>","protected":false},"featured_media":7139,"template":"","meta":[],"product_cat":[36,37],"product_tag":[367,366,264,464,463,372,272,497,227,363,459,373,516,460,515,456,103,96,520,374,365,265],"class_list":["post-7115","product","type-product","status-publish","has-post-thumbnail","hentry","product_cat-eventos","product_cat-sympla","product_tag-ball","product_tag-bola","product_tag-branco","product_tag-cellphone","product_tag-celular","product_tag-chuteira","product_tag-clean","product_tag-event","product_tag-evento","product_tag-futebol","product_tag-homem","product_tag-jogador","product_tag-kick","product_tag-men","product_tag-minimalist","product_tag-minimalista","product_tag-modern","product_tag-moderno","product_tag-phone","product_tag-player","product_tag-soccer","product_tag-white"],"_links":{"self":[{"href":"https:\/\/criid.com.br\/en\/wp-json\/wp\/v2\/product\/7115","targetHints":{"allow":["GET"]}}],"collection":[{"href":"https:\/\/criid.com.br\/en\/wp-json\/wp\/v2\/product"}],"about":[{"href":"https:\/\/criid.com.br\/en\/wp-json\/wp\/v2\/types\/product"}],"wp:featuredmedia":[{"embeddable":true,"href":"https:\/\/criid.com.br\/en\/wp-json\/wp\/v2\/media\/7139"}],"wp:attachment":[{"href":"https:\/\/criid.com.br\/en\/wp-json\/wp\/v2\/media?parent=7115"}],"wp:term":[{"taxonomy":"product_cat","embeddable":true,"href":"https:\/\/criid.com.br\/en\/wp-json\/wp\/v2\/product_cat?post=7115"},{"taxonomy":"product_tag","embeddable":true,"href":"https:\/\/criid.com.br\/en\/wp-json\/wp\/v2\/product_tag?post=7115"}],"curies":[{"name":"wp","href":"https:\/\/api.w.org\/{rel}","templated":true}]}}