{"id":7116,"date":"2023-03-12T18:44:29","date_gmt":"2023-03-12T21:44:29","guid":{"rendered":"https:\/\/criid.com.br\/?post_type=product&#038;p=7116"},"modified":"2023-03-18T12:34:24","modified_gmt":"2023-03-18T15:34:24","slug":"hat-trick-apresentacao","status":"publish","type":"product","link":"https:\/\/criid.com.br\/en\/product\/hat-trick-apresentacao\/","title":{"rendered":"Hat trick Apresenta\u00e7\u00e3o"},"content":{"rendered":"","protected":false},"excerpt":{"rendered":"<p>Hat trick, no futebol, significa que o jogador fez tr\u00eas gols para a sua equipe. Nessa nova identidade, inspirada no futebol, voc\u00ea vai encontrar elementos mais s\u00f3brios e um layout minimalista, com formas geom\u00e9tricas retil\u00edneas simbolizando os campos e o gol.<\/p>","protected":false},"featured_media":7118,"template":"","meta":[],"product_cat":[30],"product_tag":[91,367,366,264,376,372,363,117,373,516,515,456,103,96,374,316,365,116,265],"class_list":["post-7116","product","type-product","status-publish","has-post-thumbnail","hentry","product_cat-apresentacoes","product_tag-apresentacao","product_tag-ball","product_tag-bola","product_tag-branco","product_tag-campo","product_tag-chuteira","product_tag-futebol","product_tag-green","product_tag-jogador","product_tag-kick","product_tag-minimalist","product_tag-minimalista","product_tag-modern","product_tag-moderno","product_tag-player","product_tag-presentation","product_tag-soccer","product_tag-verde","product_tag-white"],"_links":{"self":[{"href":"https:\/\/criid.com.br\/en\/wp-json\/wp\/v2\/product\/7116","targetHints":{"allow":["GET"]}}],"collection":[{"href":"https:\/\/criid.com.br\/en\/wp-json\/wp\/v2\/product"}],"about":[{"href":"https:\/\/criid.com.br\/en\/wp-json\/wp\/v2\/types\/product"}],"wp:featuredmedia":[{"embeddable":true,"href":"https:\/\/criid.com.br\/en\/wp-json\/wp\/v2\/media\/7118"}],"wp:attachment":[{"href":"https:\/\/criid.com.br\/en\/wp-json\/wp\/v2\/media?parent=7116"}],"wp:term":[{"taxonomy":"product_cat","embeddable":true,"href":"https:\/\/criid.com.br\/en\/wp-json\/wp\/v2\/product_cat?post=7116"},{"taxonomy":"product_tag","embeddable":true,"href":"https:\/\/criid.com.br\/en\/wp-json\/wp\/v2\/product_tag?post=7116"}],"curies":[{"name":"wp","href":"https:\/\/api.w.org\/{rel}","templated":true}]}}