{"id":7141,"date":"2023-03-12T19:00:18","date_gmt":"2023-03-12T22:00:18","guid":{"rendered":"https:\/\/criid.com.br\/?post_type=product&#038;p=7141"},"modified":"2023-03-12T19:01:25","modified_gmt":"2023-03-12T22:01:25","slug":"hat-trick-certificado","status":"publish","type":"product","link":"https:\/\/criid.com.br\/en\/product\/hat-trick-certificado\/","title":{"rendered":"Hat trick Certificado"},"content":{"rendered":"","protected":false},"excerpt":{"rendered":"<p>Pe\u00e7a edit\u00e1vel de certificado digital, que voc\u00ea pode enviar para todos os participantes do seu evento.<\/p>","protected":false},"featured_media":7143,"template":"","meta":[],"product_cat":[38,36],"product_tag":[367,366,264,376,372,363,373,516,515,456,103,96,374,365,265],"class_list":["post-7141","product","type-product","status-publish","has-post-thumbnail","hentry","product_cat-certificados","product_cat-eventos","product_tag-ball","product_tag-bola","product_tag-branco","product_tag-campo","product_tag-chuteira","product_tag-futebol","product_tag-jogador","product_tag-kick","product_tag-minimalist","product_tag-minimalista","product_tag-modern","product_tag-moderno","product_tag-player","product_tag-soccer","product_tag-white"],"_links":{"self":[{"href":"https:\/\/criid.com.br\/en\/wp-json\/wp\/v2\/product\/7141","targetHints":{"allow":["GET"]}}],"collection":[{"href":"https:\/\/criid.com.br\/en\/wp-json\/wp\/v2\/product"}],"about":[{"href":"https:\/\/criid.com.br\/en\/wp-json\/wp\/v2\/types\/product"}],"wp:featuredmedia":[{"embeddable":true,"href":"https:\/\/criid.com.br\/en\/wp-json\/wp\/v2\/media\/7143"}],"wp:attachment":[{"href":"https:\/\/criid.com.br\/en\/wp-json\/wp\/v2\/media?parent=7141"}],"wp:term":[{"taxonomy":"product_cat","embeddable":true,"href":"https:\/\/criid.com.br\/en\/wp-json\/wp\/v2\/product_cat?post=7141"},{"taxonomy":"product_tag","embeddable":true,"href":"https:\/\/criid.com.br\/en\/wp-json\/wp\/v2\/product_tag?post=7141"}],"curies":[{"name":"wp","href":"https:\/\/api.w.org\/{rel}","templated":true}]}}