{"id":7163,"date":"2023-03-15T23:20:19","date_gmt":"2023-03-16T02:20:19","guid":{"rendered":"https:\/\/criid.com.br\/?post_type=product&#038;p=7163"},"modified":"2023-03-15T23:20:20","modified_gmt":"2023-03-16T02:20:20","slug":"hat-trick-capa-twitter","status":"publish","type":"product","link":"https:\/\/criid.com.br\/en\/product\/hat-trick-capa-twitter\/","title":{"rendered":"Hat trick Capa Twitter"},"content":{"rendered":"","protected":false},"excerpt":{"rendered":"<p>Pe\u00e7a digital, edit\u00e1vel, em alta resolu\u00e7\u00e3o de capa para Twitter.<\/p>","protected":false},"featured_media":7165,"template":"","meta":[],"product_cat":[32,27],"product_tag":[367,366,264,376,372,526,525,521,363,508,507,524,523,516,515,456,103,96,522,365,265],"class_list":["post-7163","product","type-product","status-publish","has-post-thumbnail","hentry","product_cat-capas","product_cat-digital","product_tag-ball","product_tag-bola","product_tag-branco","product_tag-campo","product_tag-chuteira","product_tag-colors","product_tag-cores","product_tag-face","product_tag-futebol","product_tag-geometria","product_tag-geometric","product_tag-geometricos","product_tag-grafismos","product_tag-kick","product_tag-minimalist","product_tag-minimalista","product_tag-modern","product_tag-moderno","product_tag-rosto","product_tag-soccer","product_tag-white"],"_links":{"self":[{"href":"https:\/\/criid.com.br\/en\/wp-json\/wp\/v2\/product\/7163","targetHints":{"allow":["GET"]}}],"collection":[{"href":"https:\/\/criid.com.br\/en\/wp-json\/wp\/v2\/product"}],"about":[{"href":"https:\/\/criid.com.br\/en\/wp-json\/wp\/v2\/types\/product"}],"wp:featuredmedia":[{"embeddable":true,"href":"https:\/\/criid.com.br\/en\/wp-json\/wp\/v2\/media\/7165"}],"wp:attachment":[{"href":"https:\/\/criid.com.br\/en\/wp-json\/wp\/v2\/media?parent=7163"}],"wp:term":[{"taxonomy":"product_cat","embeddable":true,"href":"https:\/\/criid.com.br\/en\/wp-json\/wp\/v2\/product_cat?post=7163"},{"taxonomy":"product_tag","embeddable":true,"href":"https:\/\/criid.com.br\/en\/wp-json\/wp\/v2\/product_tag?post=7163"}],"curies":[{"name":"wp","href":"https:\/\/api.w.org\/{rel}","templated":true}]}}