{"id":7171,"date":"2023-03-17T19:34:37","date_gmt":"2023-03-17T22:34:37","guid":{"rendered":"https:\/\/criid.com.br\/?post_type=product&#038;p=7171"},"modified":"2023-03-17T19:34:38","modified_gmt":"2023-03-17T22:34:38","slug":"hat-trick-post-a","status":"publish","type":"product","link":"https:\/\/criid.com.br\/en\/product\/hat-trick-post-a\/","title":{"rendered":"Hat trick Post A"},"content":{"rendered":"","protected":false},"excerpt":{"rendered":"<p>Pe\u00e7a digital, edit\u00e1vel, em alta resolu\u00e7\u00e3o, para post das redes sociais: Facebook, Twitter e Linkedin.<\/p>","protected":false},"featured_media":7173,"template":"","meta":[],"product_cat":[27,31],"product_tag":[264,372,526,525,363,508,507,524,523,516,515,456,103,96,309,221,365,222,265],"class_list":["post-7171","product","type-product","status-publish","has-post-thumbnail","hentry","product_cat-digital","product_cat-posts","product_tag-branco","product_tag-chuteira","product_tag-colors","product_tag-cores","product_tag-futebol","product_tag-geometria","product_tag-geometric","product_tag-geometricos","product_tag-grafismos","product_tag-kick","product_tag-minimalist","product_tag-minimalista","product_tag-modern","product_tag-moderno","product_tag-produto","product_tag-sale","product_tag-soccer","product_tag-venda","product_tag-white"],"_links":{"self":[{"href":"https:\/\/criid.com.br\/en\/wp-json\/wp\/v2\/product\/7171","targetHints":{"allow":["GET"]}}],"collection":[{"href":"https:\/\/criid.com.br\/en\/wp-json\/wp\/v2\/product"}],"about":[{"href":"https:\/\/criid.com.br\/en\/wp-json\/wp\/v2\/types\/product"}],"wp:featuredmedia":[{"embeddable":true,"href":"https:\/\/criid.com.br\/en\/wp-json\/wp\/v2\/media\/7173"}],"wp:attachment":[{"href":"https:\/\/criid.com.br\/en\/wp-json\/wp\/v2\/media?parent=7171"}],"wp:term":[{"taxonomy":"product_cat","embeddable":true,"href":"https:\/\/criid.com.br\/en\/wp-json\/wp\/v2\/product_cat?post=7171"},{"taxonomy":"product_tag","embeddable":true,"href":"https:\/\/criid.com.br\/en\/wp-json\/wp\/v2\/product_tag?post=7171"}],"curies":[{"name":"wp","href":"https:\/\/api.w.org\/{rel}","templated":true}]}}