{"id":7183,"date":"2023-03-17T20:13:33","date_gmt":"2023-03-17T23:13:33","guid":{"rendered":"https:\/\/criid.com.br\/?post_type=product&#038;p=7183"},"modified":"2023-03-17T20:13:35","modified_gmt":"2023-03-17T23:13:35","slug":"hat-trick-post-carrossel","status":"publish","type":"product","link":"https:\/\/criid.com.br\/en\/product\/hat-trick-post-carrossel\/","title":{"rendered":"Hat trick Post Carrossel"},"content":{"rendered":"","protected":false},"excerpt":{"rendered":"<p>Carrossel de pe\u00e7as digitais em alta resolu\u00e7\u00e3o para as redes sociais: Facebook e Instagram.<\/p>","protected":false},"featured_media":7189,"template":"","meta":[],"product_cat":[27,31],"product_tag":[264,342,372,526,525,363,508,507,524,523,373,516,460,515,456,103,96,374,309,221,365,222,265],"class_list":["post-7183","product","type-product","status-publish","has-post-thumbnail","hentry","product_cat-digital","product_cat-posts","product_tag-branco","product_tag-carrossel","product_tag-chuteira","product_tag-colors","product_tag-cores","product_tag-futebol","product_tag-geometria","product_tag-geometric","product_tag-geometricos","product_tag-grafismos","product_tag-jogador","product_tag-kick","product_tag-men","product_tag-minimalist","product_tag-minimalista","product_tag-modern","product_tag-moderno","product_tag-player","product_tag-produto","product_tag-sale","product_tag-soccer","product_tag-venda","product_tag-white"],"_links":{"self":[{"href":"https:\/\/criid.com.br\/en\/wp-json\/wp\/v2\/product\/7183","targetHints":{"allow":["GET"]}}],"collection":[{"href":"https:\/\/criid.com.br\/en\/wp-json\/wp\/v2\/product"}],"about":[{"href":"https:\/\/criid.com.br\/en\/wp-json\/wp\/v2\/types\/product"}],"wp:featuredmedia":[{"embeddable":true,"href":"https:\/\/criid.com.br\/en\/wp-json\/wp\/v2\/media\/7189"}],"wp:attachment":[{"href":"https:\/\/criid.com.br\/en\/wp-json\/wp\/v2\/media?parent=7183"}],"wp:term":[{"taxonomy":"product_cat","embeddable":true,"href":"https:\/\/criid.com.br\/en\/wp-json\/wp\/v2\/product_cat?post=7183"},{"taxonomy":"product_tag","embeddable":true,"href":"https:\/\/criid.com.br\/en\/wp-json\/wp\/v2\/product_tag?post=7183"}],"curies":[{"name":"wp","href":"https:\/\/api.w.org\/{rel}","templated":true}]}}