{"id":7195,"date":"2023-03-17T20:30:58","date_gmt":"2023-03-17T23:30:58","guid":{"rendered":"https:\/\/criid.com.br\/?post_type=product&#038;p=7195"},"modified":"2023-03-17T20:30:59","modified_gmt":"2023-03-17T23:30:59","slug":"hat-trick-post-instagram-vertical","status":"publish","type":"product","link":"https:\/\/criid.com.br\/en\/product\/hat-trick-post-instagram-vertical\/","title":{"rendered":"Hat trick Post Instagram Vertical"},"content":{"rendered":"","protected":false},"excerpt":{"rendered":"<p>Pe\u00e7a digital edit\u00e1vel, em alta resolu\u00e7\u00e3o, para post do Instagram.<\/p>\n<p>Tamanho 1080 x 1350 pixels.<\/p>","protected":false},"featured_media":7197,"template":"","meta":[],"product_cat":[27,31],"product_tag":[156,372,363,508,507,524,523,86,516,458,515,456,103,96,157,309,221,365,222],"class_list":["post-7195","product","type-product","status-publish","has-post-thumbnail","hentry","product_cat-digital","product_cat-posts","product_tag-black","product_tag-chuteira","product_tag-futebol","product_tag-geometria","product_tag-geometric","product_tag-geometricos","product_tag-grafismos","product_tag-instagram","product_tag-kick","product_tag-man","product_tag-minimalist","product_tag-minimalista","product_tag-modern","product_tag-moderno","product_tag-preto","product_tag-produto","product_tag-sale","product_tag-soccer","product_tag-venda"],"_links":{"self":[{"href":"https:\/\/criid.com.br\/en\/wp-json\/wp\/v2\/product\/7195","targetHints":{"allow":["GET"]}}],"collection":[{"href":"https:\/\/criid.com.br\/en\/wp-json\/wp\/v2\/product"}],"about":[{"href":"https:\/\/criid.com.br\/en\/wp-json\/wp\/v2\/types\/product"}],"wp:featuredmedia":[{"embeddable":true,"href":"https:\/\/criid.com.br\/en\/wp-json\/wp\/v2\/media\/7197"}],"wp:attachment":[{"href":"https:\/\/criid.com.br\/en\/wp-json\/wp\/v2\/media?parent=7195"}],"wp:term":[{"taxonomy":"product_cat","embeddable":true,"href":"https:\/\/criid.com.br\/en\/wp-json\/wp\/v2\/product_cat?post=7195"},{"taxonomy":"product_tag","embeddable":true,"href":"https:\/\/criid.com.br\/en\/wp-json\/wp\/v2\/product_tag?post=7195"}],"curies":[{"name":"wp","href":"https:\/\/api.w.org\/{rel}","templated":true}]}}