{"id":7199,"date":"2023-03-17T20:35:12","date_gmt":"2023-03-17T23:35:12","guid":{"rendered":"https:\/\/criid.com.br\/?post_type=product&#038;p=7199"},"modified":"2023-03-17T20:35:13","modified_gmt":"2023-03-17T23:35:13","slug":"hat-trick-post-link","status":"publish","type":"product","link":"https:\/\/criid.com.br\/en\/product\/hat-trick-post-link\/","title":{"rendered":"Hat trick Post Link"},"content":{"rendered":"","protected":false},"excerpt":{"rendered":"<p>Pe\u00e7a digital, edit\u00e1vel, em alta resolu\u00e7\u00e3o para post das redes sociais: Facebook e Linkedin.<\/p>\n<p>Tamanho 1200 x 628 pixels.<\/p>","protected":false},"featured_media":7201,"template":"","meta":[],"product_cat":[27,31],"product_tag":[528,527,529,521,363,508,507,524,523,86,373,458,515,456,103,96,531,532,374,157,309,522,221,365,530,222],"class_list":["post-7199","product","type-product","status-publish","has-post-thumbnail","hentry","product_cat-digital","product_cat-posts","product_tag-balck","product_tag-camisa","product_tag-esporte","product_tag-face","product_tag-futebol","product_tag-geometria","product_tag-geometric","product_tag-geometricos","product_tag-grafismos","product_tag-instagram","product_tag-jogador","product_tag-man","product_tag-minimalist","product_tag-minimalista","product_tag-modern","product_tag-moderno","product_tag-move","product_tag-movimento","product_tag-player","product_tag-preto","product_tag-produto","product_tag-rosto","product_tag-sale","product_tag-soccer","product_tag-sport","product_tag-venda"],"_links":{"self":[{"href":"https:\/\/criid.com.br\/en\/wp-json\/wp\/v2\/product\/7199","targetHints":{"allow":["GET"]}}],"collection":[{"href":"https:\/\/criid.com.br\/en\/wp-json\/wp\/v2\/product"}],"about":[{"href":"https:\/\/criid.com.br\/en\/wp-json\/wp\/v2\/types\/product"}],"wp:featuredmedia":[{"embeddable":true,"href":"https:\/\/criid.com.br\/en\/wp-json\/wp\/v2\/media\/7201"}],"wp:attachment":[{"href":"https:\/\/criid.com.br\/en\/wp-json\/wp\/v2\/media?parent=7199"}],"wp:term":[{"taxonomy":"product_cat","embeddable":true,"href":"https:\/\/criid.com.br\/en\/wp-json\/wp\/v2\/product_cat?post=7199"},{"taxonomy":"product_tag","embeddable":true,"href":"https:\/\/criid.com.br\/en\/wp-json\/wp\/v2\/product_tag?post=7199"}],"curies":[{"name":"wp","href":"https:\/\/api.w.org\/{rel}","templated":true}]}}