{"id":7203,"date":"2023-03-17T20:47:25","date_gmt":"2023-03-17T23:47:25","guid":{"rendered":"https:\/\/criid.com.br\/?post_type=product&#038;p=7203"},"modified":"2023-03-17T20:47:26","modified_gmt":"2023-03-17T23:47:26","slug":"hat-trick-post-twitter","status":"publish","type":"product","link":"https:\/\/criid.com.br\/en\/product\/hat-trick-post-twitter\/","title":{"rendered":"Hat trick Post Twitter"},"content":{"rendered":"","protected":false},"excerpt":{"rendered":"<p>Pe\u00e7a digital edit\u00e1vel em alta resolu\u00e7\u00e3o para post do Twitter.<\/p>\n<p>Tamanho 800 x 418 pixels.<\/p>","protected":false},"featured_media":7205,"template":"","meta":[],"product_cat":[27,31],"product_tag":[367,366,264,376,372,526,525,521,363,508,507,524,523,373,516,515,456,103,96,374,522,365,265],"class_list":["post-7203","product","type-product","status-publish","has-post-thumbnail","hentry","product_cat-digital","product_cat-posts","product_tag-ball","product_tag-bola","product_tag-branco","product_tag-campo","product_tag-chuteira","product_tag-colors","product_tag-cores","product_tag-face","product_tag-futebol","product_tag-geometria","product_tag-geometric","product_tag-geometricos","product_tag-grafismos","product_tag-jogador","product_tag-kick","product_tag-minimalist","product_tag-minimalista","product_tag-modern","product_tag-moderno","product_tag-player","product_tag-rosto","product_tag-soccer","product_tag-white"],"_links":{"self":[{"href":"https:\/\/criid.com.br\/en\/wp-json\/wp\/v2\/product\/7203","targetHints":{"allow":["GET"]}}],"collection":[{"href":"https:\/\/criid.com.br\/en\/wp-json\/wp\/v2\/product"}],"about":[{"href":"https:\/\/criid.com.br\/en\/wp-json\/wp\/v2\/types\/product"}],"wp:featuredmedia":[{"embeddable":true,"href":"https:\/\/criid.com.br\/en\/wp-json\/wp\/v2\/media\/7205"}],"wp:attachment":[{"href":"https:\/\/criid.com.br\/en\/wp-json\/wp\/v2\/media?parent=7203"}],"wp:term":[{"taxonomy":"product_cat","embeddable":true,"href":"https:\/\/criid.com.br\/en\/wp-json\/wp\/v2\/product_cat?post=7203"},{"taxonomy":"product_tag","embeddable":true,"href":"https:\/\/criid.com.br\/en\/wp-json\/wp\/v2\/product_tag?post=7203"}],"curies":[{"name":"wp","href":"https:\/\/api.w.org\/{rel}","templated":true}]}}