{"id":7640,"date":"2023-08-26T14:21:33","date_gmt":"2023-08-26T17:21:33","guid":{"rendered":"https:\/\/criid.com.br\/?post_type=product&#038;p=7640"},"modified":"2023-08-26T14:21:41","modified_gmt":"2023-08-26T17:21:41","slug":"law-post-a","status":"publish","type":"product","link":"https:\/\/criid.com.br\/en\/product\/law-post-a\/","title":{"rendered":"Law Post A"},"content":{"rendered":"","protected":false},"excerpt":{"rendered":"<p>Pe\u00e7a digital, edit\u00e1vel, em alta resolu\u00e7\u00e3o, para post das redes sociais: Facebook, Twitter e Linkedin.<\/p>","protected":false},"featured_media":7642,"template":"","meta":[],"product_cat":[27,31],"product_tag":[600,602,605,68,84,599,601,597,607,606,103,96,77,598,604,322,603],"class_list":["post-7640","product","type-product","status-publish","has-post-thumbnail","hentry","product_cat-digital","product_cat-posts","product_tag-advocacia","product_tag-advogado","product_tag-blackandwhite","product_tag-business","product_tag-facebook","product_tag-law","product_tag-lawyer","product_tag-leis","product_tag-line","product_tag-linhas","product_tag-modern","product_tag-moderno","product_tag-negocios","product_tag-ordem","product_tag-pb","product_tag-pretoebranco","product_tag-terno"],"_links":{"self":[{"href":"https:\/\/criid.com.br\/en\/wp-json\/wp\/v2\/product\/7640","targetHints":{"allow":["GET"]}}],"collection":[{"href":"https:\/\/criid.com.br\/en\/wp-json\/wp\/v2\/product"}],"about":[{"href":"https:\/\/criid.com.br\/en\/wp-json\/wp\/v2\/types\/product"}],"wp:featuredmedia":[{"embeddable":true,"href":"https:\/\/criid.com.br\/en\/wp-json\/wp\/v2\/media\/7642"}],"wp:attachment":[{"href":"https:\/\/criid.com.br\/en\/wp-json\/wp\/v2\/media?parent=7640"}],"wp:term":[{"taxonomy":"product_cat","embeddable":true,"href":"https:\/\/criid.com.br\/en\/wp-json\/wp\/v2\/product_cat?post=7640"},{"taxonomy":"product_tag","embeddable":true,"href":"https:\/\/criid.com.br\/en\/wp-json\/wp\/v2\/product_tag?post=7640"}],"curies":[{"name":"wp","href":"https:\/\/api.w.org\/{rel}","templated":true}]}}