{"id":7660,"date":"2023-08-26T15:21:03","date_gmt":"2023-08-26T18:21:03","guid":{"rendered":"https:\/\/criid.com.br\/?post_type=product&#038;p=7660"},"modified":"2023-08-26T15:21:05","modified_gmt":"2023-08-26T18:21:05","slug":"law-capa-sympla","status":"publish","type":"product","link":"https:\/\/criid.com.br\/en\/product\/law-capa-sympla\/","title":{"rendered":"Law Capa Sympla"},"content":{"rendered":"","protected":false},"excerpt":{"rendered":"<p>Arte edit\u00e1vel, em alta resolu\u00e7\u00e3o, para divulga\u00e7\u00e3o do seu projeto ou evento no Sympla (www.sympla.com.br).<\/p>","protected":false},"featured_media":7662,"template":"","meta":[],"product_cat":[36,37],"product_tag":[600,602,605,512,68,84,614,613,599,601,597,607,616,606,617,103,96,77,598,604,322,615],"class_list":["post-7660","product","type-product","status-publish","has-post-thumbnail","hentry","product_cat-eventos","product_cat-sympla","product_tag-advocacia","product_tag-advogado","product_tag-blackandwhite","product_tag-building","product_tag-business","product_tag-facebook","product_tag-justica","product_tag-justice","product_tag-law","product_tag-lawyer","product_tag-leis","product_tag-line","product_tag-lines","product_tag-linhas","product_tag-moder","product_tag-modern","product_tag-moderno","product_tag-negocios","product_tag-ordem","product_tag-pb","product_tag-pretoebranco","product_tag-stripes"],"_links":{"self":[{"href":"https:\/\/criid.com.br\/en\/wp-json\/wp\/v2\/product\/7660","targetHints":{"allow":["GET"]}}],"collection":[{"href":"https:\/\/criid.com.br\/en\/wp-json\/wp\/v2\/product"}],"about":[{"href":"https:\/\/criid.com.br\/en\/wp-json\/wp\/v2\/types\/product"}],"wp:featuredmedia":[{"embeddable":true,"href":"https:\/\/criid.com.br\/en\/wp-json\/wp\/v2\/media\/7662"}],"wp:attachment":[{"href":"https:\/\/criid.com.br\/en\/wp-json\/wp\/v2\/media?parent=7660"}],"wp:term":[{"taxonomy":"product_cat","embeddable":true,"href":"https:\/\/criid.com.br\/en\/wp-json\/wp\/v2\/product_cat?post=7660"},{"taxonomy":"product_tag","embeddable":true,"href":"https:\/\/criid.com.br\/en\/wp-json\/wp\/v2\/product_tag?post=7660"}],"curies":[{"name":"wp","href":"https:\/\/api.w.org\/{rel}","templated":true}]}}