{"id":7665,"date":"2023-10-03T14:39:39","date_gmt":"2023-10-03T17:39:39","guid":{"rendered":"https:\/\/criid.com.br\/?post_type=product&#038;p=7665"},"modified":"2023-10-03T14:39:46","modified_gmt":"2023-10-03T17:39:46","slug":"law-apresentacao","status":"publish","type":"product","link":"https:\/\/criid.com.br\/en\/product\/law-apresentacao\/","title":{"rendered":"Law Apresenta\u00e7\u00e3o"},"content":{"rendered":"","protected":false},"excerpt":{"rendered":"<p>Law \u00e9 uma identidade visual moderna e s\u00f3bria, ela \u00e9 inspirada no universo jur\u00eddico e na justi\u00e7a. Aqui voc\u00ea vai encontrar elementos mais objetivos e imagens coorporativas.<\/p>","protected":false},"featured_media":7678,"template":"","meta":[],"product_cat":[30],"product_tag":[600,602,91,605,68,599,601,597,607,606,103,96,77,598,604,340,316,322],"class_list":["post-7665","product","type-product","status-publish","has-post-thumbnail","hentry","product_cat-apresentacoes","product_tag-advocacia","product_tag-advogado","product_tag-apresentacao","product_tag-blackandwhite","product_tag-business","product_tag-law","product_tag-lawyer","product_tag-leis","product_tag-line","product_tag-linhas","product_tag-modern","product_tag-moderno","product_tag-negocios","product_tag-ordem","product_tag-pb","product_tag-pitch","product_tag-presentation","product_tag-pretoebranco"],"_links":{"self":[{"href":"https:\/\/criid.com.br\/en\/wp-json\/wp\/v2\/product\/7665","targetHints":{"allow":["GET"]}}],"collection":[{"href":"https:\/\/criid.com.br\/en\/wp-json\/wp\/v2\/product"}],"about":[{"href":"https:\/\/criid.com.br\/en\/wp-json\/wp\/v2\/types\/product"}],"wp:featuredmedia":[{"embeddable":true,"href":"https:\/\/criid.com.br\/en\/wp-json\/wp\/v2\/media\/7678"}],"wp:attachment":[{"href":"https:\/\/criid.com.br\/en\/wp-json\/wp\/v2\/media?parent=7665"}],"wp:term":[{"taxonomy":"product_cat","embeddable":true,"href":"https:\/\/criid.com.br\/en\/wp-json\/wp\/v2\/product_cat?post=7665"},{"taxonomy":"product_tag","embeddable":true,"href":"https:\/\/criid.com.br\/en\/wp-json\/wp\/v2\/product_tag?post=7665"}],"curies":[{"name":"wp","href":"https:\/\/api.w.org\/{rel}","templated":true}]}}