{"id":7697,"date":"2023-10-03T16:27:06","date_gmt":"2023-10-03T19:27:06","guid":{"rendered":"https:\/\/criid.com.br\/?post_type=product&#038;p=7697"},"modified":"2023-10-03T16:27:08","modified_gmt":"2023-10-03T19:27:08","slug":"law-certificado","status":"publish","type":"product","link":"https:\/\/criid.com.br\/en\/product\/law-certificado\/","title":{"rendered":"Law Certificado"},"content":{"rendered":"","protected":false},"excerpt":{"rendered":"<p>Pe\u00e7a edit\u00e1vel de certificado digital, que voc\u00ea pode enviar para todos os participantes do seu evento.<\/p>","protected":false},"featured_media":7699,"template":"","meta":[],"product_cat":[38,36],"product_tag":[600,602,91,605,68,476,619,497,227,599,601,597,607,606,103,96,77,598,604,322],"class_list":["post-7697","product","type-product","status-publish","has-post-thumbnail","hentry","product_cat-certificados","product_cat-eventos","product_tag-advocacia","product_tag-advogado","product_tag-apresentacao","product_tag-blackandwhite","product_tag-business","product_tag-certificado","product_tag-certification","product_tag-event","product_tag-evento","product_tag-law","product_tag-lawyer","product_tag-leis","product_tag-line","product_tag-linhas","product_tag-modern","product_tag-moderno","product_tag-negocios","product_tag-ordem","product_tag-pb","product_tag-pretoebranco"],"_links":{"self":[{"href":"https:\/\/criid.com.br\/en\/wp-json\/wp\/v2\/product\/7697","targetHints":{"allow":["GET"]}}],"collection":[{"href":"https:\/\/criid.com.br\/en\/wp-json\/wp\/v2\/product"}],"about":[{"href":"https:\/\/criid.com.br\/en\/wp-json\/wp\/v2\/types\/product"}],"wp:featuredmedia":[{"embeddable":true,"href":"https:\/\/criid.com.br\/en\/wp-json\/wp\/v2\/media\/7699"}],"wp:attachment":[{"href":"https:\/\/criid.com.br\/en\/wp-json\/wp\/v2\/media?parent=7697"}],"wp:term":[{"taxonomy":"product_cat","embeddable":true,"href":"https:\/\/criid.com.br\/en\/wp-json\/wp\/v2\/product_cat?post=7697"},{"taxonomy":"product_tag","embeddable":true,"href":"https:\/\/criid.com.br\/en\/wp-json\/wp\/v2\/product_tag?post=7697"}],"curies":[{"name":"wp","href":"https:\/\/api.w.org\/{rel}","templated":true}]}}